{"id":9864,"date":"2021-05-07T16:11:37","date_gmt":"2021-05-07T14:11:37","guid":{"rendered":"http:\/\/espace-securite.com\/?page_id=9864"},"modified":"2021-06-18T10:55:20","modified_gmt":"2021-06-18T08:55:20","slug":"vetements-et-securite-incendie","status":"publish","type":"page","link":"https:\/\/espace-securite.com\/index.php\/vetements-et-securite-incendie\/","title":{"rendered":"V\u00eatements et s\u00e9curit\u00e9 incendie"},"content":{"rendered":"<div id=\"pl-9864\"  class=\"panel-layout\" ><div id=\"pg-9864-0\"  class=\"panel-grid panel-has-style\" ><div class=\"siteorigin-panels-stretch panel-row-style-full-width panel-row-style panel-row-style-for-9864-0\" data-stretch-type=\"full-stretched\" ><div id=\"pgc-9864-0-0\"  class=\"panel-grid-cell\" ><div id=\"panel-9864-0-0-0\" class=\"so-panel widget widget_sow-hero panel-first-child panel-last-child\" data-index=\"0\" ><div class=\"so-widget-sow-hero so-widget-sow-hero-default-d8960df0ac8a-9864 so-widget-fittext-wrapper\" data-fit-text-compressor=\"0.85\"><div class=\"sow-slider-base\" style=\"display: none\"><ul class=\"sow-slider-images\" data-settings=\"{&quot;pagination&quot;:true,&quot;speed&quot;:800,&quot;timeout&quot;:8000,&quot;paused&quot;:true,&quot;pause_on_hover&quot;:false,&quot;swipe&quot;:true,&quot;nav_always_show_desktop&quot;:&quot;&quot;,&quot;nav_always_show_mobile&quot;:&quot;&quot;,&quot;breakpoint&quot;:&quot;780px&quot;,&quot;unmute&quot;:false}\">\t\t<li class=\"sow-slider-image  sow-slider-image-cover\" style=\"background-color: #413c35\" >\n\t\t\t\t\t<div class=\"sow-slider-image-container\">\n\t\t\t<div class=\"sow-slider-image-wrapper\">\n\t\t\t\t<h1 style=\"text-align: center\"><span style=\"color: #f27500\">V\u00eatements et s\u00e9curit\u00e9 incendie<\/span><\/h1>\n<p>&nbsp;<\/p>\n<h3 style=\"text-align: center\"><span class=\"TextRun SCXP52393050 BCX2\" lang=\"FR-FR\" xml:lang=\"FR-FR\" data-usefontface=\"false\" data-contrast=\"none\"><span class=\"NormalTextRun SCXP52393050 BCX2\"><span style=\"color: #f27500\">L\u2019Espace Professionnel de la S\u00e9curit\u00e9<\/span> vous propose une large gamme de tenues. Nos produits associent <span style=\"color: #f27500\">qualit\u00e9<\/span> et <span style=\"color: #f27500\">confort<\/span>, pour un budget tout \u00e0 fait ma\u00eetris\u00e9.<br \/>\n<\/span><\/span><\/h3>\n<p>&nbsp;<\/p>\n\t\t\t<\/div>\n\t\t<\/div>\n\t\t<div class=\"sow-slider-image-overlay sow-slider-image-cover\" style=\"background-image: url(https:\/\/espace-securite.com\/wp-content\/uploads\/2021\/06\/IMG_1066-scaled.jpg);opacity: 0.45\"  ><\/div>\t\t<\/li>\n\t\t<\/ul>\t\t\t\t<ol class=\"sow-slider-pagination\">\n\t\t\t\t\t\t\t\t\t\t\t<li><a href=\"#\" data-goto=\"0\" aria-label=\"afficher la diapositive 1\"><\/a><\/li>\n\t\t\t\t\t\t\t\t\t<\/ol>\n\n\t\t\t\t<div class=\"sow-slide-nav sow-slide-nav-next\">\n\t\t\t\t\t<a href=\"#\" data-goto=\"next\" aria-label=\"diapositive suivante\" data-action=\"next\">\n\t\t\t\t\t\t<em class=\"sow-sld-icon-thin-right\"><\/em>\n\t\t\t\t\t<\/a>\n\t\t\t\t<\/div>\n\n\t\t\t\t<div class=\"sow-slide-nav sow-slide-nav-prev\">\n\t\t\t\t\t<a href=\"#\" data-goto=\"previous\" aria-label=\"diapositive pr\u00e9c\u00e9dente\" data-action=\"prev\">\n\t\t\t\t\t\t<em class=\"sow-sld-icon-thin-left\"><\/em>\n\t\t\t\t\t<\/a>\n\t\t\t\t<\/div>\n\t\t\t\t<\/div><\/div><\/div><\/div><\/div><\/div><div id=\"pg-9864-1\"  class=\"panel-grid panel-has-style\" ><div class=\"siteorigin-panels-stretch panel-row-style-full-width panel-row-style panel-row-style-for-9864-1\" data-stretch-type=\"full-stretched\" ><div id=\"pgc-9864-1-0\"  class=\"panel-grid-cell\" ><div id=\"panel-9864-1-0-0\" class=\"so-panel widget widget_headline-widget panel-first-child panel-last-child\" data-index=\"1\" ><div class=\"panel-widget-style panel-widget-style-for-9864-1-0-0\" >\t\t<h1>Nos produits<\/h1>\n\t\t<div class=\"decoration\"><div class=\"decoration-inside\"><\/div><\/div>\n\t\t<h3><\/h3>\n\t\t<\/div><\/div><\/div><\/div><\/div><div id=\"pg-9864-2\"  class=\"panel-grid panel-no-style\" ><div id=\"pgc-9864-2-0\"  class=\"panel-grid-cell\" ><div id=\"panel-9864-2-0-0\" class=\"so-panel widget widget_sow-image panel-first-child panel-last-child\" data-index=\"2\" ><div class=\"so-widget-sow-image so-widget-sow-image-default-bc4f5fbc2633-9864\">\n<h3 class=\"widget-title\">Blousons et vestes<\/h3>\n<div class=\"sow-image-container\">\n\t\t<img src=\"https:\/\/espace-securite.com\/wp-content\/uploads\/2021\/06\/blousons-et-vestes.png\" width=\"1000\" height=\"881\" srcset=\"https:\/\/espace-securite.com\/wp-content\/uploads\/2021\/06\/blousons-et-vestes.png 1000w, https:\/\/espace-securite.com\/wp-content\/uploads\/2021\/06\/blousons-et-vestes-300x264.png 300w, https:\/\/espace-securite.com\/wp-content\/uploads\/2021\/06\/blousons-et-vestes-768x677.png 768w\" sizes=\"(max-width: 1000px) 100vw, 1000px\" title=\"Blousons et vestes\" alt=\"Blousons et vestes\" loading=\"lazy\" \t\tclass=\"so-widget-image\"\/>\n\t<\/div>\n\n<\/div><\/div><\/div><div id=\"pgc-9864-2-1\"  class=\"panel-grid-cell\" ><div id=\"panel-9864-2-1-0\" class=\"so-panel widget widget_sow-image panel-first-child panel-last-child\" data-index=\"3\" ><div class=\"panel-widget-style panel-widget-style-for-9864-2-1-0\" ><div class=\"so-widget-sow-image so-widget-sow-image-default-bc4f5fbc2633-9864\">\n<h3 class=\"widget-title\">Chemises et cravates<\/h3>\n<div class=\"sow-image-container\">\n\t\t<img src=\"https:\/\/espace-securite.com\/wp-content\/uploads\/2021\/06\/Chemises-et-cravates.png\" width=\"1000\" height=\"881\" srcset=\"https:\/\/espace-securite.com\/wp-content\/uploads\/2021\/06\/Chemises-et-cravates.png 1000w, https:\/\/espace-securite.com\/wp-content\/uploads\/2021\/06\/Chemises-et-cravates-300x264.png 300w, https:\/\/espace-securite.com\/wp-content\/uploads\/2021\/06\/Chemises-et-cravates-768x677.png 768w\" sizes=\"(max-width: 1000px) 100vw, 1000px\" title=\"Chemises et cravates\" alt=\"Chemises et cravates\" loading=\"lazy\" \t\tclass=\"so-widget-image\"\/>\n\t<\/div>\n\n<\/div><\/div><\/div><\/div><div id=\"pgc-9864-2-2\"  class=\"panel-grid-cell\" ><div id=\"panel-9864-2-2-0\" class=\"so-panel widget widget_sow-image panel-first-child panel-last-child\" data-index=\"4\" ><div class=\"so-widget-sow-image so-widget-sow-image-default-bc4f5fbc2633-9864\">\n<h3 class=\"widget-title\">Costumes<\/h3>\n<div class=\"sow-image-container\">\n\t\t<img src=\"https:\/\/espace-securite.com\/wp-content\/uploads\/2021\/06\/Costumes.png\" width=\"1000\" height=\"881\" srcset=\"https:\/\/espace-securite.com\/wp-content\/uploads\/2021\/06\/Costumes.png 1000w, https:\/\/espace-securite.com\/wp-content\/uploads\/2021\/06\/Costumes-300x264.png 300w, https:\/\/espace-securite.com\/wp-content\/uploads\/2021\/06\/Costumes-768x677.png 768w\" sizes=\"(max-width: 1000px) 100vw, 1000px\" title=\"Costumes\" alt=\"Costumes\" loading=\"lazy\" \t\tclass=\"so-widget-image\"\/>\n\t<\/div>\n\n<\/div><\/div><\/div><\/div><div id=\"pg-9864-3\"  class=\"panel-grid panel-no-style\" ><div id=\"pgc-9864-3-0\"  class=\"panel-grid-cell\" ><div id=\"panel-9864-3-0-0\" class=\"so-panel widget widget_sow-image panel-first-child panel-last-child\" data-index=\"5\" ><div class=\"so-widget-sow-image so-widget-sow-image-default-bc4f5fbc2633-9864\">\n<h3 class=\"widget-title\">Gilets de s\u00e9curit\u00e9<\/h3>\n<div class=\"sow-image-container\">\n\t\t<img src=\"https:\/\/espace-securite.com\/wp-content\/uploads\/2021\/06\/gilets-de-securite.png\" width=\"1000\" height=\"881\" srcset=\"https:\/\/espace-securite.com\/wp-content\/uploads\/2021\/06\/gilets-de-securite.png 1000w, https:\/\/espace-securite.com\/wp-content\/uploads\/2021\/06\/gilets-de-securite-300x264.png 300w, https:\/\/espace-securite.com\/wp-content\/uploads\/2021\/06\/gilets-de-securite-768x677.png 768w\" sizes=\"(max-width: 1000px) 100vw, 1000px\" title=\"Gilets de s\u00e9curit\u00e9\" alt=\"Gilets de s\u00e9curit\u00e9\" loading=\"lazy\" \t\tclass=\"so-widget-image\"\/>\n\t<\/div>\n\n<\/div><\/div><\/div><div id=\"pgc-9864-3-1\"  class=\"panel-grid-cell\" ><div id=\"panel-9864-3-1-0\" class=\"so-panel widget widget_sow-image panel-first-child panel-last-child\" data-index=\"6\" ><div class=\"panel-widget-style panel-widget-style-for-9864-3-1-0\" ><div class=\"so-widget-sow-image so-widget-sow-image-default-bc4f5fbc2633-9864\">\n<h3 class=\"widget-title\">Polo de securite<\/h3>\n<div class=\"sow-image-container\">\n\t\t<img src=\"https:\/\/espace-securite.com\/wp-content\/uploads\/2021\/06\/polos-de-securite.png\" width=\"1000\" height=\"881\" srcset=\"https:\/\/espace-securite.com\/wp-content\/uploads\/2021\/06\/polos-de-securite.png 1000w, https:\/\/espace-securite.com\/wp-content\/uploads\/2021\/06\/polos-de-securite-300x264.png 300w, https:\/\/espace-securite.com\/wp-content\/uploads\/2021\/06\/polos-de-securite-768x677.png 768w\" sizes=\"(max-width: 1000px) 100vw, 1000px\" title=\"Polo de securite\" alt=\"Polo de securite\" loading=\"lazy\" \t\tclass=\"so-widget-image\"\/>\n\t<\/div>\n\n<\/div><\/div><\/div><\/div><div id=\"pgc-9864-3-2\"  class=\"panel-grid-cell\" ><div id=\"panel-9864-3-2-0\" class=\"so-panel widget widget_sow-image panel-first-child panel-last-child\" data-index=\"7\" ><div class=\"so-widget-sow-image so-widget-sow-image-default-bc4f5fbc2633-9864\">\n<h3 class=\"widget-title\">Pantalons de s\u00e9curit\u00e9<\/h3>\n<div class=\"sow-image-container\">\n\t\t<img src=\"https:\/\/espace-securite.com\/wp-content\/uploads\/2021\/06\/pantaloons-de-securite.png\" width=\"518\" height=\"600\" srcset=\"https:\/\/espace-securite.com\/wp-content\/uploads\/2021\/06\/pantaloons-de-securite.png 518w, https:\/\/espace-securite.com\/wp-content\/uploads\/2021\/06\/pantaloons-de-securite-259x300.png 259w\" sizes=\"(max-width: 518px) 100vw, 518px\" title=\"Pantalons de s\u00e9curit\u00e9\" alt=\"Pantalons de s\u00e9curit\u00e9\" loading=\"lazy\" \t\tclass=\"so-widget-image\"\/>\n\t<\/div>\n\n<\/div><\/div><\/div><\/div><div id=\"pg-9864-4\"  class=\"panel-grid panel-no-style\" ><div id=\"pgc-9864-4-0\"  class=\"panel-grid-cell\" ><div id=\"panel-9864-4-0-0\" class=\"so-panel widget widget_sow-image panel-first-child panel-last-child\" data-index=\"8\" ><div class=\"so-widget-sow-image so-widget-sow-image-default-bc4f5fbc2633-9864\">\n<h3 class=\"widget-title\">V\u00eatements de pluie<\/h3>\n<div class=\"sow-image-container\">\n\t\t<img src=\"https:\/\/espace-securite.com\/wp-content\/uploads\/2021\/06\/vetements-pluie.png\" width=\"1000\" height=\"881\" srcset=\"https:\/\/espace-securite.com\/wp-content\/uploads\/2021\/06\/vetements-pluie.png 1000w, https:\/\/espace-securite.com\/wp-content\/uploads\/2021\/06\/vetements-pluie-300x264.png 300w, https:\/\/espace-securite.com\/wp-content\/uploads\/2021\/06\/vetements-pluie-768x677.png 768w\" sizes=\"(max-width: 1000px) 100vw, 1000px\" title=\"V\u00eatements de pluie\" alt=\"V\u00eatements de pluie\" loading=\"lazy\" \t\tclass=\"so-widget-image\"\/>\n\t<\/div>\n\n<\/div><\/div><\/div><div id=\"pgc-9864-4-1\"  class=\"panel-grid-cell\" ><div id=\"panel-9864-4-1-0\" class=\"so-panel widget widget_sow-image panel-first-child panel-last-child\" data-index=\"9\" ><div class=\"panel-widget-style panel-widget-style-for-9864-4-1-0\" ><div class=\"so-widget-sow-image so-widget-sow-image-default-bc4f5fbc2633-9864\">\n<h3 class=\"widget-title\">V\u00eatements incendie<\/h3>\n<div class=\"sow-image-container\">\n\t\t<img src=\"https:\/\/espace-securite.com\/wp-content\/uploads\/2021\/06\/vetements-incendie.png\" width=\"1000\" height=\"881\" srcset=\"https:\/\/espace-securite.com\/wp-content\/uploads\/2021\/06\/vetements-incendie.png 1000w, https:\/\/espace-securite.com\/wp-content\/uploads\/2021\/06\/vetements-incendie-300x264.png 300w, https:\/\/espace-securite.com\/wp-content\/uploads\/2021\/06\/vetements-incendie-768x677.png 768w\" sizes=\"(max-width: 1000px) 100vw, 1000px\" title=\"V\u00eatements incendie\" alt=\"V\u00eatements incendie\" loading=\"lazy\" \t\tclass=\"so-widget-image\"\/>\n\t<\/div>\n\n<\/div><\/div><\/div><\/div><div id=\"pgc-9864-4-2\"  class=\"panel-grid-cell\" ><div id=\"panel-9864-4-2-0\" class=\"so-panel widget widget_sow-image panel-first-child panel-last-child\" data-index=\"10\" ><div class=\"panel-widget-style panel-widget-style-for-9864-4-2-0\" ><div class=\"so-widget-sow-image so-widget-sow-image-default-bc4f5fbc2633-9864\">\n<h3 class=\"widget-title\">Tenues d'h\u00f4tesse<\/h3>\n<div class=\"sow-image-container\">\n\t\t<img src=\"https:\/\/espace-securite.com\/wp-content\/uploads\/2021\/06\/tenues-hotesse.png\" width=\"1000\" height=\"881\" srcset=\"https:\/\/espace-securite.com\/wp-content\/uploads\/2021\/06\/tenues-hotesse.png 1000w, https:\/\/espace-securite.com\/wp-content\/uploads\/2021\/06\/tenues-hotesse-300x264.png 300w, https:\/\/espace-securite.com\/wp-content\/uploads\/2021\/06\/tenues-hotesse-768x677.png 768w\" sizes=\"(max-width: 1000px) 100vw, 1000px\" title=\"Tenues d&#039;h\u00f4tesse\" alt=\"Tenues d&#039;h\u00f4tesse\" loading=\"lazy\" \t\tclass=\"so-widget-image\"\/>\n\t<\/div>\n\n<\/div><\/div><\/div><\/div><\/div><div id=\"pg-9864-5\"  class=\"panel-grid panel-has-style\" ><div style=\"background-color: #ffffff; \" class=\"panel-row-style panel-row-style-for-9864-5\" ><div id=\"pgc-9864-5-0\"  class=\"panel-grid-cell\" ><div id=\"panel-9864-5-0-0\" class=\"so-panel widget widget_sow-hero panel-first-child panel-last-child\" data-index=\"11\" ><div class=\"so-widget-sow-hero so-widget-sow-hero-default-4109e5cfd6fd-9864 so-widget-fittext-wrapper\" data-fit-text-compressor=\"0.85\"><div class=\"sow-slider-base\" style=\"display: none\"><ul class=\"sow-slider-images\" data-settings=\"{&quot;pagination&quot;:true,&quot;speed&quot;:800,&quot;timeout&quot;:8000,&quot;paused&quot;:false,&quot;pause_on_hover&quot;:false,&quot;swipe&quot;:true,&quot;nav_always_show_desktop&quot;:&quot;&quot;,&quot;nav_always_show_mobile&quot;:&quot;&quot;,&quot;breakpoint&quot;:&quot;780px&quot;,&quot;unmute&quot;:false}\">\t\t<li class=\"sow-slider-image\" style=\"background-color: #ffffff\" >\n\t\t\t\t\t<div class=\"sow-slider-image-container\">\n\t\t\t<div class=\"sow-slider-image-wrapper\">\n\t\t\t\t<h3 style=\"text-align: left\"><span style=\"color: #f27500\"><span class=\"TextRun SCXP94687863 BCX2\" lang=\"FR-FR\" xml:lang=\"FR-FR\" data-usefontface=\"false\" data-contrast=\"none\"><span class=\"NormalTextRun SCXP94687863 BCX2\">\u00a0<\/span><\/span><\/span><\/h3>\n<h3 style=\"text-align: center\"><span style=\"color: #333333\"><span class=\"TextRun SCXP94687863 BCX2\" lang=\"FR-FR\" xml:lang=\"FR-FR\" data-usefontface=\"false\" data-contrast=\"none\"><span class=\"NormalTextRun SCXP94687863 BCX2\">Nos produits associent <span style=\"color: #f27500\">qualit\u00e9<\/span> et <span style=\"color: #f27500\">confort<\/span>, pour un budget tout \u00e0 fait ma\u00eetris\u00e9.\u200b<\/span><\/span><\/span><\/h3>\n<p>&nbsp;<\/p>\n<p style=\"text-align: center\"><span class=\"TextRun SCXP94687863 BCX2\" lang=\"FR-FR\" style=\"color: #333333\" xml:lang=\"FR-FR\" data-usefontface=\"false\" data-contrast=\"none\"><span class=\"NormalTextRun SCXP94687863 BCX2\">Agent de s\u00e9curit\u00e9, Agent <span style=\"color: #f27500\">SSIAP<\/span> ou <span style=\"color: #f27500\">Soci\u00e9t\u00e9<\/span>, quel que soit votre besoin nous nous effor\u00e7ons d\u2019y r\u00e9pondre. Nous accueillons vos agents et les <span style=\"color: #f27500\">\u00e9quipons sur place<\/span> pour vous \u00e9viter toute contrainte.<br \/>\n<\/span><\/span><\/p>\n\t\t\t<\/div>\n\t\t<\/div>\n\t\t\t\t<\/li>\n\t\t<\/ul>\t\t\t\t<ol class=\"sow-slider-pagination\">\n\t\t\t\t\t\t\t\t\t\t\t<li><a href=\"#\" data-goto=\"0\" aria-label=\"afficher la diapositive 1\"><\/a><\/li>\n\t\t\t\t\t\t\t\t\t<\/ol>\n\n\t\t\t\t<div class=\"sow-slide-nav sow-slide-nav-next\">\n\t\t\t\t\t<a href=\"#\" data-goto=\"next\" aria-label=\"diapositive suivante\" data-action=\"next\">\n\t\t\t\t\t\t<em class=\"sow-sld-icon-thin-right\"><\/em>\n\t\t\t\t\t<\/a>\n\t\t\t\t<\/div>\n\n\t\t\t\t<div class=\"sow-slide-nav sow-slide-nav-prev\">\n\t\t\t\t\t<a href=\"#\" data-goto=\"previous\" aria-label=\"diapositive pr\u00e9c\u00e9dente\" data-action=\"prev\">\n\t\t\t\t\t\t<em class=\"sow-sld-icon-thin-left\"><\/em>\n\t\t\t\t\t<\/a>\n\t\t\t\t<\/div>\n\t\t\t\t<\/div><\/div><\/div><\/div><\/div><\/div><div id=\"pg-9864-6\"  class=\"panel-grid panel-has-style\" ><div class=\"siteorigin-panels-stretch panel-row-style-full-width panel-row-style panel-row-style-for-9864-6\" style=\"background-color: #002060; \" data-stretch-type=\"full-stretched\" ><div id=\"pgc-9864-6-0\"  class=\"panel-grid-cell\" ><div id=\"panel-9864-6-0-0\" class=\"so-panel widget widget_sow-headline panel-first-child panel-last-child\" data-index=\"12\" ><div class=\"panel-widget-style panel-widget-style-for-9864-6-0-0\" ><div class=\"so-widget-sow-headline so-widget-sow-headline-default-86fe0dfac5f0-9864 so-widget-fittext-wrapper\" data-fit-text-compressor=\"0\"><div class=\"sow-headline-container \">\n\t<h1 class='sow-headline'>Nous contacter<\/h1><h4 class='sow-sub-headline'>Gaz, Gel, Jet liquide \u2026 CS, poivre ? \u200b  quel produit, pour quelle situation ? \u200b  Nous saurons vous conseiller.<\/h4><\/div><\/div><\/div><\/div><\/div><\/div><\/div><div id=\"pg-9864-7\"  class=\"panel-grid panel-has-style\" ><div class=\"panel-row-style panel-row-style-for-9864-7\" ><div id=\"pgc-9864-7-0\"  class=\"panel-grid-cell\" ><div id=\"panel-9864-7-0-0\" class=\"so-panel widget widget_sow-contact-form panel-first-child panel-last-child\" data-index=\"13\" ><div class=\"panel-widget-style panel-widget-style-for-9864-7-0-0\" ><div class=\"so-widget-sow-contact-form so-widget-sow-contact-form-default-72becce0bc58-9864\">\t<form action=\"#contact-form-3edc\"\n          method=\"POST\" class=\"sow-contact-form\" id=\"contact-form-3edc\">\n\n\t\t\n\t\t            <div class=\"sow-form-field sow-form-field-name\"><label class=\"sow-form-field-label-above\" for=\"sow-contact-form-field-votre-nom-562e687f3231b\">\n\t\t\t\t<strong>\n\t\t\t\t\tVotre nom\t\t\t\t\t\t\t\t\t<\/strong>\n\t\t\t<\/label>\n\t\t\t<span class=\"sow-field-container\">\t\t<input type=\"text\" name=\"votre-nom-562e687f3231b\" id=\"sow-contact-form-field-votre-nom-562e687f3231b\" value=\"\" class=\"sow-text-field\"\/>\n\t\t<\/span><\/div>            <div class=\"sow-form-field sow-form-field-email\"><label class=\"sow-form-field-label-above\" for=\"sow-contact-form-field-votre-email-562e687f3231b\">\n\t\t\t\t<strong>\n\t\t\t\t\tVotre Email\t\t\t\t\t\t\t\t\t<\/strong>\n\t\t\t<\/label>\n\t\t\t<span class=\"sow-field-container\">\t\t<input type=\"email\" name=\"votre-email-562e687f3231b\" id=\"sow-contact-form-field-votre-email-562e687f3231b\" value=\"\" class=\"sow-text-field\"\/>\n\t\t<\/span><\/div>            <div class=\"sow-form-field sow-form-field-subject\"><label class=\"sow-form-field-label-above\" for=\"sow-contact-form-field-sujet-562e687f3231b\">\n\t\t\t\t<strong>\n\t\t\t\t\tSujet\t\t\t\t\t\t\t\t\t<\/strong>\n\t\t\t<\/label>\n\t\t\t<span class=\"sow-field-container\">\t\t<input type=\"text\" name=\"sujet-562e687f3231b\" id=\"sow-contact-form-field-sujet-562e687f3231b\" value=\"\" class=\"sow-text-field\"\/>\n\t\t<\/span><\/div>            <div class=\"sow-form-field sow-form-field-textarea\"><label class=\"sow-form-field-label-above\" for=\"sow-contact-form-field-message-562e687f3231b\">\n\t\t\t\t<strong>\n\t\t\t\t\tMessage\t\t\t\t\t\t\t\t\t<\/strong>\n\t\t\t<\/label>\n\t\t\t<span class=\"sow-field-container\">\t\t<textarea name=\"message-562e687f3231b\" id=\"sow-contact-form-field-message-562e687f3231b\" rows=\"10\"><\/textarea>\n\t\t<\/span><\/div>\t\t<input type=\"hidden\" name=\"instance_hash\" value=\"3edc20cf03be4a7eb44bae060fd5406e\" \/>\n\t\t<input type=\"hidden\" id=\"_wpnonce\" name=\"_wpnonce\" value=\"f2d95bf95f\" \/><input type=\"hidden\" name=\"_wp_http_referer\" value=\"\/index.php\/wp-json\/wp\/v2\/pages\/9864\" \/>\n\t\t\n\t\t<div class=\"sow-submit-wrapper sow-submit-styled\">\n\t\t\t<input type=\"submit\" value=\"Envoyer\" class=\"sow-submit\"\n\t\t\t\t   \t\t\t>\n\t\t<\/div>\n\t<\/form>\n\t<\/div><\/div><\/div><\/div><\/div><\/div><div id=\"pg-9864-8\"  class=\"panel-grid panel-has-style\" ><div class=\"siteorigin-panels-stretch panel-row-style-full-width panel-row-style panel-row-style-for-9864-8\" data-stretch-type=\"full-stretched\" ><div id=\"pgc-9864-8-0\"  class=\"panel-grid-cell\" ><div id=\"panel-9864-8-0-0\" class=\"so-panel widget widget_headline-widget panel-first-child\" data-index=\"14\" ><div class=\"panel-widget-style panel-widget-style-for-9864-8-0-0\" >\t\t<h1>Nos marques<\/h1>\n\t\t<div class=\"decoration\"><div class=\"decoration-inside\"><\/div><\/div>\n\t\t<h3><\/h3>\n\t\t<\/div><\/div><div id=\"panel-9864-8-0-1\" class=\"widget_text so-panel widget widget_custom_html panel-last-child\" data-index=\"15\" ><div class=\"textwidget custom-html-widget\">\n\t<div class=\"gs_logo_area gs_logo_area_1 slider1\" style=\"opacity: 0; visibility: hidden;\">\n\t\t<div class=\"gs_logo_area--inner\">\n\n\t\t\t\n<div class=\"gs_logo_container gs_carousel_swiper gs_logo_fix_height_and_center\" data-carousel-config='{\"direction\":\"horizontal\",\"speed\":250,\"isAutoplay\":true,\"autoplayDelay\":2000,\"loop\":true,\"pauseOnHover\":true,\"ticker\":false,\"navs\":true,\"navs_pos\":\"bottom\",\"dots\":false,\"dynamic_dots\":true,\"slideSpace\":10,\"slidesPerGroup\":1,\"desktopLogos\":4,\"tabletLogos\":3,\"mobileLogos\":2,\"reverseDirection\":false}'>\n\n\t\n\t\t\n\t\t\t<div class=\"gs_logo_single--wrapper\">\n\t\t\t\t<div class=\"gs_logo_single\">\n\n\t\t\t\t\t<!-- Logo Title -->\n\t\t\t\t\t<a href=\"https:\/\/metalboxe.com\/fr\/\" target=\"_blank\" rel=\"noopener\"><img width=\"225\" height=\"225\" src=\"https:\/\/espace-securite.com\/wp-content\/uploads\/2021\/02\/metalbox.png\" class=\"gs-logo--img wp-post-image\" alt=\"Metalboxe\" loading=\"lazy\" title=\"Metal boxe\" srcset=\"https:\/\/espace-securite.com\/wp-content\/uploads\/2021\/02\/metalbox.png 225w, https:\/\/espace-securite.com\/wp-content\/uploads\/2021\/02\/metalbox-150x150.png 150w\" sizes=\"(max-width: 225px) 100vw, 225px\" \/><\/a>\n\t\t\t\t\t<!-- Logo Title -->\n\t\t\t\t\t\t\t\t\t\t\n\t\t\t\t<\/div>\n\t\t\t<\/div>\n\n\t\t\n\t\t\t<div class=\"gs_logo_single--wrapper\">\n\t\t\t\t<div class=\"gs_logo_single\">\n\n\t\t\t\t\t<!-- Logo Title -->\n\t\t\t\t\t<a href=\"https:\/\/magnumbootsfrance.fr\/\" target=\"_blank\" rel=\"noopener\"><img width=\"300\" height=\"130\" src=\"https:\/\/espace-securite.com\/wp-content\/uploads\/2021\/02\/image-300x130.png\" class=\"gs-logo--img wp-post-image\" alt=\"Magnum\" loading=\"lazy\" title=\"Magnum\" srcset=\"https:\/\/espace-securite.com\/wp-content\/uploads\/2021\/02\/image-300x130.png 300w, https:\/\/espace-securite.com\/wp-content\/uploads\/2021\/02\/image.png 500w\" sizes=\"(max-width: 300px) 100vw, 300px\" \/><\/a>\n\t\t\t\t\t<!-- Logo Title -->\n\t\t\t\t\t\t\t\t\t\t\n\t\t\t\t<\/div>\n\t\t\t<\/div>\n\n\t\t\n\t\t\t<div class=\"gs_logo_single--wrapper\">\n\t\t\t\t<div class=\"gs_logo_single\">\n\n\t\t\t\t\t<!-- Logo Title -->\n\t\t\t\t\t<a href=\"https:\/\/gkpro.fr\/\" target=\"_blank\" rel=\"noopener\"><img width=\"160\" height=\"160\" src=\"https:\/\/espace-securite.com\/wp-content\/uploads\/2021\/02\/logo-GKPRO-180.jpg\" class=\"gs-logo--img wp-post-image\" alt=\"GK PRO\" loading=\"lazy\" title=\"gkpro\" srcset=\"https:\/\/espace-securite.com\/wp-content\/uploads\/2021\/02\/logo-GKPRO-180.jpg 160w, https:\/\/espace-securite.com\/wp-content\/uploads\/2021\/02\/logo-GKPRO-180-150x150.jpg 150w\" sizes=\"(max-width: 160px) 100vw, 160px\" \/><\/a>\n\t\t\t\t\t<!-- Logo Title -->\n\t\t\t\t\t\t\t\t\t\t\n\t\t\t\t<\/div>\n\t\t\t<\/div>\n\n\t\t\n\t\t\t<div class=\"gs_logo_single--wrapper\">\n\t\t\t\t<div class=\"gs_logo_single\">\n\n\t\t\t\t\t<!-- Logo Title -->\n\t\t\t\t\t<a href=\"http:\/\/www.cityguard-europe.com\/\" target=\"_blank\" rel=\"noopener\"><img width=\"300\" height=\"150\" src=\"https:\/\/espace-securite.com\/wp-content\/uploads\/2021\/02\/cityguard-300x150.png\" class=\"gs-logo--img wp-post-image\" alt=\"City Guard\" loading=\"lazy\" title=\"Cityguard\" srcset=\"https:\/\/espace-securite.com\/wp-content\/uploads\/2021\/02\/cityguard-300x150.png 300w, https:\/\/espace-securite.com\/wp-content\/uploads\/2021\/02\/cityguard.png 360w\" sizes=\"(max-width: 300px) 100vw, 300px\" \/><\/a>\n\t\t\t\t\t<!-- Logo Title -->\n\t\t\t\t\t\t\t\t\t\t\n\t\t\t\t<\/div>\n\t\t\t<\/div>\n\n\t\t\t\t\n\t\n<\/div>\n\t\t<\/div>\n\t<\/div>\n\n\t<\/div><\/div><\/div><\/div><\/div><\/div>","protected":false},"excerpt":{"rendered":"<p>V\u00eatements et s\u00e9curit\u00e9 incendie &nbsp; L\u2019Espace Professionnel de la S\u00e9curit\u00e9 vous propose une large gamme de tenues. Nos produits associent qualit\u00e9 et confort, pour un budget tout \u00e0 fait ma\u00eetris\u00e9. &nbsp; Nos produits Blousons et vestes Chemises et cravates Costumes Gilets de s\u00e9curit\u00e9 Polo de securite Pantalons de s\u00e9curit\u00e9 V\u00eatements de pluie V\u00eatements incendie Tenues [&hellip;]<\/p>\n","protected":false},"author":1,"featured_media":0,"parent":0,"menu_order":0,"comment_status":"closed","ping_status":"closed","template":"templates\/template-full-notitle.php","meta":[],"_links":{"self":[{"href":"https:\/\/espace-securite.com\/index.php\/wp-json\/wp\/v2\/pages\/9864"}],"collection":[{"href":"https:\/\/espace-securite.com\/index.php\/wp-json\/wp\/v2\/pages"}],"about":[{"href":"https:\/\/espace-securite.com\/index.php\/wp-json\/wp\/v2\/types\/page"}],"author":[{"embeddable":true,"href":"https:\/\/espace-securite.com\/index.php\/wp-json\/wp\/v2\/users\/1"}],"replies":[{"embeddable":true,"href":"https:\/\/espace-securite.com\/index.php\/wp-json\/wp\/v2\/comments?post=9864"}],"version-history":[{"count":38,"href":"https:\/\/espace-securite.com\/index.php\/wp-json\/wp\/v2\/pages\/9864\/revisions"}],"predecessor-version":[{"id":10221,"href":"https:\/\/espace-securite.com\/index.php\/wp-json\/wp\/v2\/pages\/9864\/revisions\/10221"}],"wp:attachment":[{"href":"https:\/\/espace-securite.com\/index.php\/wp-json\/wp\/v2\/media?parent=9864"}],"curies":[{"name":"wp","href":"https:\/\/api.w.org\/{rel}","templated":true}]}}