{"id":9622,"date":"2021-05-03T16:40:25","date_gmt":"2021-05-03T14:40:25","guid":{"rendered":"http:\/\/espace-securite.com\/?page_id=9622"},"modified":"2021-06-18T13:34:26","modified_gmt":"2021-06-18T11:34:26","slug":"chaussures-de-securite","status":"publish","type":"page","link":"https:\/\/espace-securite.com\/index.php\/chaussures-de-securite\/","title":{"rendered":"Chaussures"},"content":{"rendered":"<div id=\"pl-9622\"  class=\"panel-layout\" ><div id=\"pg-9622-0\"  class=\"panel-grid panel-has-style\" ><div class=\"mainhero siteorigin-panels-stretch panel-row-style-full-width panel-row-style panel-row-style-for-9622-0\" data-stretch-type=\"full-stretched\" ><div id=\"pgc-9622-0-0\"  class=\"panel-grid-cell\" ><div id=\"panel-9622-0-0-0\" class=\"so-panel widget widget_sow-hero panel-first-child panel-last-child\" data-index=\"0\" ><div class=\"so-widget-sow-hero so-widget-sow-hero-default-d8960df0ac8a-9622 so-widget-fittext-wrapper\" data-fit-text-compressor=\"0.85\"><div class=\"sow-slider-base\" style=\"display: none\"><ul class=\"sow-slider-images\" data-settings=\"{&quot;pagination&quot;:true,&quot;speed&quot;:800,&quot;timeout&quot;:8000,&quot;paused&quot;:true,&quot;pause_on_hover&quot;:false,&quot;swipe&quot;:true,&quot;nav_always_show_desktop&quot;:&quot;&quot;,&quot;nav_always_show_mobile&quot;:&quot;&quot;,&quot;breakpoint&quot;:&quot;780px&quot;,&quot;unmute&quot;:false}\">\t\t<li class=\"sow-slider-image  sow-slider-image-cover\" style=\"background-color: #413c35\" >\n\t\t\t\t\t<div class=\"sow-slider-image-container\">\n\t\t\t<div class=\"sow-slider-image-wrapper\">\n\t\t\t\t<h1 style=\"text-align: center\"><span style=\"color: #f27500\">Chaussures<br \/>\n<\/span><\/h1>\n<p>&nbsp;<\/p>\n<h3 style=\"text-align: center\"><span class=\"TextRun SCXP52393050 BCX2\" lang=\"FR-FR\" style=\"color: #f27500\" xml:lang=\"FR-FR\" data-usefontface=\"false\" data-contrast=\"none\"><span class=\"NormalTextRun SCXP52393050 BCX2\">L\u2019Espace <\/span><\/span><span class=\"TextRun SCXP52393050 BCX2\" lang=\"FR-FR\" xml:lang=\"FR-FR\" data-usefontface=\"false\" data-contrast=\"none\"><span class=\"NormalTextRun SCXP52393050 BCX2\"><span style=\"color: #f27500\">Professionnel de la S\u00e9curit\u00e9<\/span> vous propose un large choix de chaussures <\/span><\/span><span class=\"TextRun SCXP52393050 BCX2\" lang=\"FR-FR\" xml:lang=\"FR-FR\" data-usefontface=\"false\" data-contrast=\"none\"><span class=\"NormalTextRun SCXP52393050 BCX2\">qui r\u00e9pond \u00e0 vos imp\u00e9ratifs et <\/span><\/span><span class=\"TextRun SCXP52393050 BCX2\" lang=\"FR-FR\" xml:lang=\"FR-FR\" data-usefontface=\"false\" data-contrast=\"none\"><span class=\"NormalTextRun SCXP52393050 BCX2\">\u00e0 votre budget<\/span><\/span><span class=\"TextRun SCXP52393050 BCX2\" lang=\"FR-FR\" xml:lang=\"FR-FR\" data-usefontface=\"false\" data-contrast=\"none\"><span class=\"NormalTextRun SCXP52393050 BCX2\">. <\/span><\/span><\/h3>\n<h3 style=\"text-align: center\"><span class=\"TextRun SCXP52393050 BCX2\" lang=\"FR-FR\" xml:lang=\"FR-FR\" data-usefontface=\"false\" data-contrast=\"none\"><span class=\"NormalTextRun SCXP52393050 BCX2\"><span class=\"TextRun SCXP247248239 BCX2\" lang=\"FR-FR\" xml:lang=\"FR-FR\" data-usefontface=\"false\" data-contrast=\"none\"><span class=\"NormalTextRun SCXP247248239 BCX2\">Que vos missions soient <span style=\"color: #f27500\">statiques<\/span> ou <span style=\"color: #f27500\">mobiles<\/span>, il est tr\u00e8s important que vos chaussures y soient adapt\u00e9es<\/span><\/span>.<br \/>\n<\/span><\/span><\/h3>\n<p>&nbsp;<\/p>\n\t\t\t<\/div>\n\t\t<\/div>\n\t\t<div class=\"sow-slider-image-overlay sow-slider-image-cover\" style=\"background-image: url(https:\/\/espace-securite.com\/wp-content\/uploads\/2021\/06\/IMG_1050-scaled.jpg);opacity: 0.45\"  ><\/div>\t\t<\/li>\n\t\t<\/ul>\t\t\t\t<ol class=\"sow-slider-pagination\">\n\t\t\t\t\t\t\t\t\t\t\t<li><a href=\"#\" data-goto=\"0\" aria-label=\"afficher la diapositive 1\"><\/a><\/li>\n\t\t\t\t\t\t\t\t\t<\/ol>\n\n\t\t\t\t<div class=\"sow-slide-nav sow-slide-nav-next\">\n\t\t\t\t\t<a href=\"#\" data-goto=\"next\" aria-label=\"diapositive suivante\" data-action=\"next\">\n\t\t\t\t\t\t<em class=\"sow-sld-icon-thin-right\"><\/em>\n\t\t\t\t\t<\/a>\n\t\t\t\t<\/div>\n\n\t\t\t\t<div class=\"sow-slide-nav sow-slide-nav-prev\">\n\t\t\t\t\t<a href=\"#\" data-goto=\"previous\" aria-label=\"diapositive pr\u00e9c\u00e9dente\" data-action=\"prev\">\n\t\t\t\t\t\t<em class=\"sow-sld-icon-thin-left\"><\/em>\n\t\t\t\t\t<\/a>\n\t\t\t\t<\/div>\n\t\t\t\t<\/div><\/div><\/div><\/div><\/div><\/div><div id=\"pg-9622-1\"  class=\"panel-grid panel-has-style\" ><div style=\"background-color: #ffffff; \" class=\"panel-row-style panel-row-style-for-9622-1\" ><div id=\"pgc-9622-1-0\"  class=\"panel-grid-cell\" ><div id=\"panel-9622-1-0-0\" class=\"so-panel widget widget_headline-widget panel-first-child panel-last-child\" data-index=\"1\" ><div class=\"panel-widget-style panel-widget-style-for-9622-1-0-0\" >\t\t<h1>Nos Produits<\/h1>\n\t\t<div class=\"decoration\"><div class=\"decoration-inside\"><\/div><\/div>\n\t\t<h3><\/h3>\n\t\t<\/div><\/div><\/div><\/div><\/div><div id=\"pg-9622-2\"  class=\"panel-grid panel-no-style\" ><div id=\"pgc-9622-2-0\"  class=\"panel-grid-cell\" ><div id=\"panel-9622-2-0-0\" class=\"so-panel widget widget_sow-image panel-first-child panel-last-child\" data-index=\"2\" ><div class=\"so-widget-sow-image so-widget-sow-image-default-bc4f5fbc2633-9622\">\n<h3 class=\"widget-title\">Rangers et Magnum<\/h3>\n<div class=\"sow-image-container\">\n\t\t<img src=\"https:\/\/espace-securite.com\/wp-content\/uploads\/2021\/06\/assortiment_chaussures_rangers-e1622560857544.png\" width=\"918\" height=\"591\" sizes=\"(max-width: 918px) 100vw, 918px\" title=\"Rangers et Magnum\" alt=\"espace professionnel securite\" loading=\"lazy\" class=\"so-widget-image\">\n\t<\/div>\n\n<\/div><\/div><\/div><div id=\"pgc-9622-2-1\"  class=\"panel-grid-cell\" ><div id=\"panel-9622-2-1-0\" class=\"so-panel widget widget_sow-image panel-first-child panel-last-child\" data-index=\"3\" ><div class=\"so-widget-sow-image so-widget-sow-image-default-bc4f5fbc2633-9622\">\n<h3 class=\"widget-title\">Chaussures de ville<\/h3>\n<div class=\"sow-image-container\">\n\t\t<img src=\"https:\/\/espace-securite.com\/wp-content\/uploads\/2021\/06\/assortiment_chaussures_ville-e1622560983609.png\" width=\"918\" height=\"521\" sizes=\"(max-width: 918px) 100vw, 918px\" title=\"Chaussures de ville\" alt=\"espace professionnel securite\" loading=\"lazy\" class=\"so-widget-image\">\n\t<\/div>\n\n<\/div><\/div><\/div><\/div><div id=\"pg-9622-3\"  class=\"panel-grid panel-no-style\" ><div id=\"pgc-9622-3-0\"  class=\"panel-grid-cell\" ><div id=\"panel-9622-3-0-0\" class=\"so-panel widget widget_sow-hero panel-first-child panel-last-child\" data-index=\"4\" ><div class=\"panel-widget-style panel-widget-style-for-9622-3-0-0\" ><div class=\"so-widget-sow-hero so-widget-sow-hero-default-1da437bc8279-9622 so-widget-fittext-wrapper\" data-fit-text-compressor=\"0.85\"><div class=\"sow-slider-base\" style=\"display: none\"><ul class=\"sow-slider-images\" data-settings=\"{&quot;pagination&quot;:true,&quot;speed&quot;:800,&quot;timeout&quot;:8000,&quot;paused&quot;:false,&quot;pause_on_hover&quot;:false,&quot;swipe&quot;:true,&quot;nav_always_show_desktop&quot;:&quot;&quot;,&quot;nav_always_show_mobile&quot;:&quot;&quot;,&quot;breakpoint&quot;:&quot;780px&quot;,&quot;unmute&quot;:false}\">\t\t<li class=\"sow-slider-image\" style=\"background-color: #ffffff\" >\n\t\t\t\t\t<div class=\"sow-slider-image-container\">\n\t\t\t<div class=\"sow-slider-image-wrapper\">\n\t\t\t\t<h3 style=\"text-align: left\"><span style=\"color: #f27500\"><span class=\"TextRun SCXP94687863 BCX2\" lang=\"FR-FR\" xml:lang=\"FR-FR\" data-usefontface=\"false\" data-contrast=\"none\"><span class=\"NormalTextRun SCXP94687863 BCX2\">\u00a0<\/span><\/span><\/span><\/h3>\n<h3 style=\"text-align: center\"><span style=\"color: #333333\"><strong><span class=\"TextRun SCXP94687863 BCX2\" lang=\"FR-FR\" style=\"color: #f27500\" xml:lang=\"FR-FR\" data-usefontface=\"false\" data-contrast=\"none\"><span class=\"NormalTextRun SCXP94687863 BCX2\">L\u2019Espace <\/span><\/span><\/strong><span class=\"TextRun SCXP94687863 BCX2\" lang=\"FR-FR\" xml:lang=\"FR-FR\" data-usefontface=\"false\" data-contrast=\"none\"><span class=\"NormalTextRun SCXP94687863 BCX2\"><strong><span style=\"color: #f27500\">Professionnel de la S\u00e9curit\u00e9<\/span> <\/strong>vous propose un large choix <\/span><\/span><span class=\"TextRun SCXP94687863 BCX2\" lang=\"FR-FR\" xml:lang=\"FR-FR\" data-usefontface=\"false\" data-contrast=\"none\"><span class=\"NormalTextRun SCXP94687863 BCX2\">qui r\u00e9pond \u00e0 cet imp\u00e9ratif et <\/span><\/span><span class=\"TextRun SCXP94687863 BCX2\" lang=\"FR-FR\" xml:lang=\"FR-FR\" data-usefontface=\"false\" data-contrast=\"none\"><span class=\"NormalTextRun SCXP94687863 BCX2\">\u00e0 votre budget<\/span><\/span><span class=\"TextRun SCXP94687863 BCX2\" lang=\"FR-FR\" xml:lang=\"FR-FR\" data-usefontface=\"false\" data-contrast=\"none\"><span class=\"NormalTextRun SCXP94687863 BCX2\">. <\/span><\/span><\/span><\/h3>\n<p>&nbsp;<\/p>\n<p style=\"text-align: center\"><span style=\"color: #333333\"><span class=\"TextRun SCXP94687863 BCX2\" lang=\"FR-FR\" xml:lang=\"FR-FR\" data-usefontface=\"false\" data-contrast=\"none\"><span class=\"NormalTextRun SCXP94687863 BCX2\">Qu\u2019elles <\/span><\/span><span class=\"TextRun SCXP94687863 BCX2\" lang=\"FR-FR\" xml:lang=\"FR-FR\" data-usefontface=\"false\" data-contrast=\"none\"><span class=\"NormalTextRun SCXP94687863 BCX2\">soient hautes, semi-montantes ou basses \u2026 qu\u2019elles soient d\u2019<span style=\"color: #f27500\"><strong>intervention<\/strong> <\/span>ou <strong><span style=\"color: #f27500\">civiles<\/span><\/strong>, coqu\u00e9es ou non \u2026 qu\u2019elles <\/span><\/span><span class=\"TextRun SCXP94687863 BCX2\" lang=\"FR-FR\" xml:lang=\"FR-FR\" data-usefontface=\"false\" data-contrast=\"none\"><span class=\"NormalTextRun SCXP94687863 BCX2\">soient tout cuir ou cuir et <\/span><\/span><span class=\"TextRun SCXP94687863 BCX2\" lang=\"FR-FR\" xml:lang=\"FR-FR\" data-usefontface=\"false\" data-contrast=\"none\"><span class=\"SpellingError SCXP94687863 BCX2\">cordura<\/span><\/span><span class=\"TextRun SCXP94687863 BCX2\" lang=\"FR-FR\" xml:lang=\"FR-FR\" data-usefontface=\"false\" data-contrast=\"none\"><span class=\"NormalTextRun SCXP94687863 BCX2\">, les chaussures que nous avons s\u00e9lectionn\u00e9es pour vous r\u00e9pondront \u00e0 vos <\/span><\/span><span class=\"TextRun SCXP94687863 BCX2\" lang=\"FR-FR\" xml:lang=\"FR-FR\" data-usefontface=\"false\" data-contrast=\"none\"><span class=\"NormalTextRun SCXP94687863 BCX2\">attentes. <\/span><\/span><\/span><span class=\"TextRun SCXP94687863 BCX2\" lang=\"FR-FR\" style=\"color: #333333\" xml:lang=\"FR-FR\" data-usefontface=\"false\" data-contrast=\"none\"><span class=\"NormalTextRun SCXP94687863 BCX2\">Que vos missions soient <strong><span style=\"color: #f27500\">statiques<\/span> <\/strong>ou <strong><span style=\"color: #f27500\">mobiles<\/span><\/strong>, il est tr\u00e8s important que vos chaussures y soient adapt\u00e9es.<\/span><\/span><\/p>\n\t\t\t<\/div>\n\t\t<\/div>\n\t\t\t\t<\/li>\n\t\t<\/ul>\t\t\t\t<ol class=\"sow-slider-pagination\">\n\t\t\t\t\t\t\t\t\t\t\t<li><a href=\"#\" data-goto=\"0\" aria-label=\"afficher la diapositive 1\"><\/a><\/li>\n\t\t\t\t\t\t\t\t\t<\/ol>\n\n\t\t\t\t<div class=\"sow-slide-nav sow-slide-nav-next\">\n\t\t\t\t\t<a href=\"#\" data-goto=\"next\" aria-label=\"diapositive suivante\" data-action=\"next\">\n\t\t\t\t\t\t<em class=\"sow-sld-icon-thin-right\"><\/em>\n\t\t\t\t\t<\/a>\n\t\t\t\t<\/div>\n\n\t\t\t\t<div class=\"sow-slide-nav sow-slide-nav-prev\">\n\t\t\t\t\t<a href=\"#\" data-goto=\"previous\" aria-label=\"diapositive pr\u00e9c\u00e9dente\" data-action=\"prev\">\n\t\t\t\t\t\t<em class=\"sow-sld-icon-thin-left\"><\/em>\n\t\t\t\t\t<\/a>\n\t\t\t\t<\/div>\n\t\t\t\t<\/div><\/div><\/div><\/div><\/div><\/div><div id=\"pg-9622-4\"  class=\"panel-grid panel-has-style\" ><div class=\"siteorigin-panels-stretch panel-row-style-full-width panel-row-style panel-row-style-for-9622-4\" style=\"background-color: #002060; \" data-stretch-type=\"full-stretched\" ><div id=\"pgc-9622-4-0\"  class=\"panel-grid-cell\" ><div id=\"panel-9622-4-0-0\" class=\"so-panel widget widget_sow-headline panel-first-child panel-last-child\" data-index=\"5\" ><div class=\"panel-widget-style panel-widget-style-for-9622-4-0-0\" ><div class=\"so-widget-sow-headline so-widget-sow-headline-default-86fe0dfac5f0-9622 so-widget-fittext-wrapper\" data-fit-text-compressor=\"0\"><div class=\"sow-headline-container \">\n\t<h1 class='sow-headline'>Nous contacter<\/h1><h4 class='sow-sub-headline'>Nous sommes \u00e0 votre disposition concernant toute demande pour vos commandes en quantit\u00e9 ou n\u00e9cessitant une personnalisation.<\/h4><\/div><\/div><\/div><\/div><\/div><\/div><\/div><div id=\"pg-9622-5\"  class=\"panel-grid panel-has-style\" ><div class=\"panel-row-style panel-row-style-for-9622-5\" ><div id=\"pgc-9622-5-0\"  class=\"panel-grid-cell\" ><div id=\"panel-9622-5-0-0\" class=\"so-panel widget widget_sow-contact-form panel-first-child panel-last-child\" data-index=\"6\" ><div class=\"panel-widget-style panel-widget-style-for-9622-5-0-0\" ><div class=\"so-widget-sow-contact-form so-widget-sow-contact-form-default-72becce0bc58-9622\">\t<form action=\"#contact-form-fc7e\"\n          method=\"POST\" class=\"sow-contact-form\" id=\"contact-form-fc7e\">\n\n\t\t\n\t\t            <div class=\"sow-form-field sow-form-field-name\"><label class=\"sow-form-field-label-above\" for=\"sow-contact-form-field-votre-nom-562e687f3231b\">\n\t\t\t\t<strong>\n\t\t\t\t\tVotre nom\t\t\t\t\t\t\t\t\t<\/strong>\n\t\t\t<\/label>\n\t\t\t<span class=\"sow-field-container\">\t\t<input type=\"text\" name=\"votre-nom-562e687f3231b\" id=\"sow-contact-form-field-votre-nom-562e687f3231b\" value=\"\" class=\"sow-text-field\"\/>\n\t\t<\/span><\/div>            <div class=\"sow-form-field sow-form-field-email\"><label class=\"sow-form-field-label-above\" for=\"sow-contact-form-field-votre-email-562e687f3231b\">\n\t\t\t\t<strong>\n\t\t\t\t\tVotre Email\t\t\t\t\t\t\t\t\t<\/strong>\n\t\t\t<\/label>\n\t\t\t<span class=\"sow-field-container\">\t\t<input type=\"email\" name=\"votre-email-562e687f3231b\" id=\"sow-contact-form-field-votre-email-562e687f3231b\" value=\"\" class=\"sow-text-field\"\/>\n\t\t<\/span><\/div>            <div class=\"sow-form-field sow-form-field-subject\"><label class=\"sow-form-field-label-above\" for=\"sow-contact-form-field-sujet-562e687f3231b\">\n\t\t\t\t<strong>\n\t\t\t\t\tSujet\t\t\t\t\t\t\t\t\t<\/strong>\n\t\t\t<\/label>\n\t\t\t<span class=\"sow-field-container\">\t\t<input type=\"text\" name=\"sujet-562e687f3231b\" id=\"sow-contact-form-field-sujet-562e687f3231b\" value=\"\" class=\"sow-text-field\"\/>\n\t\t<\/span><\/div>            <div class=\"sow-form-field sow-form-field-textarea\"><label class=\"sow-form-field-label-above\" for=\"sow-contact-form-field-message-562e687f3231b\">\n\t\t\t\t<strong>\n\t\t\t\t\tMessage\t\t\t\t\t\t\t\t\t<\/strong>\n\t\t\t<\/label>\n\t\t\t<span class=\"sow-field-container\">\t\t<textarea name=\"message-562e687f3231b\" id=\"sow-contact-form-field-message-562e687f3231b\" rows=\"10\"><\/textarea>\n\t\t<\/span><\/div>\t\t<input type=\"hidden\" name=\"instance_hash\" value=\"fc7ee2303347156fd74866886d25949d\" \/>\n\t\t<input type=\"hidden\" id=\"_wpnonce\" name=\"_wpnonce\" value=\"1229a86588\" \/><input type=\"hidden\" name=\"_wp_http_referer\" value=\"\/index.php\/wp-json\/wp\/v2\/pages\/9622\" \/>\n\t\t\n\t\t<div class=\"sow-submit-wrapper sow-submit-styled\">\n\t\t\t<input type=\"submit\" value=\"Envoyer\" class=\"sow-submit\"\n\t\t\t\t   \t\t\t>\n\t\t<\/div>\n\t<\/form>\n\t<\/div><\/div><\/div><\/div><\/div><\/div><div id=\"pg-9622-6\"  class=\"panel-grid panel-has-style\" ><div class=\"siteorigin-panels-stretch panel-row-style-full-width panel-row-style panel-row-style-for-9622-6\" data-stretch-type=\"full-stretched\" ><div id=\"pgc-9622-6-0\"  class=\"panel-grid-cell\" ><div id=\"panel-9622-6-0-0\" class=\"so-panel widget widget_headline-widget panel-first-child\" data-index=\"7\" ><div class=\"panel-widget-style panel-widget-style-for-9622-6-0-0\" >\t\t<h1>Nos marques<\/h1>\n\t\t<div class=\"decoration\"><div class=\"decoration-inside\"><\/div><\/div>\n\t\t<h3><\/h3>\n\t\t<\/div><\/div><div id=\"panel-9622-6-0-1\" class=\"widget_text so-panel widget widget_custom_html panel-last-child\" data-index=\"8\" ><div class=\"textwidget custom-html-widget\">\n\t<div class=\"gs_logo_area gs_logo_area_1 slider1\" style=\"opacity: 0; visibility: hidden;\">\n\t\t<div class=\"gs_logo_area--inner\">\n\n\t\t\t\n<div class=\"gs_logo_container gs_carousel_swiper gs_logo_fix_height_and_center\" data-carousel-config='{\"direction\":\"horizontal\",\"speed\":250,\"isAutoplay\":true,\"autoplayDelay\":2000,\"loop\":true,\"pauseOnHover\":true,\"ticker\":false,\"navs\":true,\"navs_pos\":\"bottom\",\"dots\":false,\"dynamic_dots\":true,\"slideSpace\":10,\"slidesPerGroup\":1,\"desktopLogos\":4,\"tabletLogos\":3,\"mobileLogos\":2,\"reverseDirection\":false}'>\n\n\t\n\t\t\n\t\t\t<div class=\"gs_logo_single--wrapper\">\n\t\t\t\t<div class=\"gs_logo_single\">\n\n\t\t\t\t\t<!-- Logo Title -->\n\t\t\t\t\t<a href=\"https:\/\/metalboxe.com\/fr\/\" target=\"_blank\" rel=\"noopener\"><img width=\"225\" height=\"225\" src=\"https:\/\/espace-securite.com\/wp-content\/uploads\/2021\/02\/metalbox.png\" class=\"gs-logo--img wp-post-image\" alt=\"Metalboxe\" loading=\"lazy\" title=\"Metal boxe\" srcset=\"https:\/\/espace-securite.com\/wp-content\/uploads\/2021\/02\/metalbox.png 225w, https:\/\/espace-securite.com\/wp-content\/uploads\/2021\/02\/metalbox-150x150.png 150w\" sizes=\"(max-width: 225px) 100vw, 225px\" \/><\/a>\n\t\t\t\t\t<!-- Logo Title -->\n\t\t\t\t\t\t\t\t\t\t\n\t\t\t\t<\/div>\n\t\t\t<\/div>\n\n\t\t\n\t\t\t<div class=\"gs_logo_single--wrapper\">\n\t\t\t\t<div class=\"gs_logo_single\">\n\n\t\t\t\t\t<!-- Logo Title -->\n\t\t\t\t\t<a href=\"https:\/\/magnumbootsfrance.fr\/\" target=\"_blank\" rel=\"noopener\"><img width=\"300\" height=\"130\" src=\"https:\/\/espace-securite.com\/wp-content\/uploads\/2021\/02\/image-300x130.png\" class=\"gs-logo--img wp-post-image\" alt=\"Magnum\" loading=\"lazy\" title=\"Magnum\" srcset=\"https:\/\/espace-securite.com\/wp-content\/uploads\/2021\/02\/image-300x130.png 300w, https:\/\/espace-securite.com\/wp-content\/uploads\/2021\/02\/image.png 500w\" sizes=\"(max-width: 300px) 100vw, 300px\" \/><\/a>\n\t\t\t\t\t<!-- Logo Title -->\n\t\t\t\t\t\t\t\t\t\t\n\t\t\t\t<\/div>\n\t\t\t<\/div>\n\n\t\t\n\t\t\t<div class=\"gs_logo_single--wrapper\">\n\t\t\t\t<div class=\"gs_logo_single\">\n\n\t\t\t\t\t<!-- Logo Title -->\n\t\t\t\t\t<a href=\"https:\/\/gkpro.fr\/\" target=\"_blank\" rel=\"noopener\"><img width=\"160\" height=\"160\" src=\"https:\/\/espace-securite.com\/wp-content\/uploads\/2021\/02\/logo-GKPRO-180.jpg\" class=\"gs-logo--img wp-post-image\" alt=\"GK PRO\" loading=\"lazy\" title=\"gkpro\" srcset=\"https:\/\/espace-securite.com\/wp-content\/uploads\/2021\/02\/logo-GKPRO-180.jpg 160w, https:\/\/espace-securite.com\/wp-content\/uploads\/2021\/02\/logo-GKPRO-180-150x150.jpg 150w\" sizes=\"(max-width: 160px) 100vw, 160px\" \/><\/a>\n\t\t\t\t\t<!-- Logo Title -->\n\t\t\t\t\t\t\t\t\t\t\n\t\t\t\t<\/div>\n\t\t\t<\/div>\n\n\t\t\n\t\t\t<div class=\"gs_logo_single--wrapper\">\n\t\t\t\t<div class=\"gs_logo_single\">\n\n\t\t\t\t\t<!-- Logo Title -->\n\t\t\t\t\t<a href=\"http:\/\/www.cityguard-europe.com\/\" target=\"_blank\" rel=\"noopener\"><img width=\"300\" height=\"150\" src=\"https:\/\/espace-securite.com\/wp-content\/uploads\/2021\/02\/cityguard-300x150.png\" class=\"gs-logo--img wp-post-image\" alt=\"City Guard\" loading=\"lazy\" title=\"Cityguard\" srcset=\"https:\/\/espace-securite.com\/wp-content\/uploads\/2021\/02\/cityguard-300x150.png 300w, https:\/\/espace-securite.com\/wp-content\/uploads\/2021\/02\/cityguard.png 360w\" sizes=\"(max-width: 300px) 100vw, 300px\" \/><\/a>\n\t\t\t\t\t<!-- Logo Title -->\n\t\t\t\t\t\t\t\t\t\t\n\t\t\t\t<\/div>\n\t\t\t<\/div>\n\n\t\t\t\t\n\t\n<\/div>\n\t\t<\/div>\n\t<\/div>\n\n\t<\/div><\/div><\/div><\/div><\/div><\/div>","protected":false},"excerpt":{"rendered":"<p>Chaussures &nbsp; L\u2019Espace Professionnel de la S\u00e9curit\u00e9 vous propose un large choix de chaussures qui r\u00e9pond \u00e0 vos imp\u00e9ratifs et \u00e0 votre budget. Que vos missions soient statiques ou mobiles, il est tr\u00e8s important que vos chaussures y soient adapt\u00e9es. &nbsp; Nos Produits Rangers et Magnum Chaussures de ville \u00a0 L\u2019Espace Professionnel de la S\u00e9curit\u00e9 [&hellip;]<\/p>\n","protected":false},"author":1,"featured_media":0,"parent":0,"menu_order":0,"comment_status":"closed","ping_status":"closed","template":"templates\/template-full-notitle.php","meta":[],"_links":{"self":[{"href":"https:\/\/espace-securite.com\/index.php\/wp-json\/wp\/v2\/pages\/9622"}],"collection":[{"href":"https:\/\/espace-securite.com\/index.php\/wp-json\/wp\/v2\/pages"}],"about":[{"href":"https:\/\/espace-securite.com\/index.php\/wp-json\/wp\/v2\/types\/page"}],"author":[{"embeddable":true,"href":"https:\/\/espace-securite.com\/index.php\/wp-json\/wp\/v2\/users\/1"}],"replies":[{"embeddable":true,"href":"https:\/\/espace-securite.com\/index.php\/wp-json\/wp\/v2\/comments?post=9622"}],"version-history":[{"count":212,"href":"https:\/\/espace-securite.com\/index.php\/wp-json\/wp\/v2\/pages\/9622\/revisions"}],"predecessor-version":[{"id":9630,"href":"https:\/\/espace-securite.com\/index.php\/wp-json\/wp\/v2\/pages\/9622\/revisions\/9630"}],"wp:attachment":[{"href":"https:\/\/espace-securite.com\/index.php\/wp-json\/wp\/v2\/media?parent=9622"}],"curies":[{"name":"wp","href":"https:\/\/api.w.org\/{rel}","templated":true}]}}