{"id":10166,"date":"2021-06-18T09:09:39","date_gmt":"2021-06-18T07:09:39","guid":{"rendered":"https:\/\/espace-securite.com\/?page_id=10166"},"modified":"2021-12-02T14:47:17","modified_gmt":"2021-12-02T13:47:17","slug":"defense","status":"publish","type":"page","link":"https:\/\/espace-securite.com\/index.php\/defense\/","title":{"rendered":"D\u00e9fense"},"content":{"rendered":"<div id=\"pl-10166\"  class=\"panel-layout\" ><div id=\"pg-10166-0\"  class=\"panel-grid panel-has-style\" ><div class=\"mainhero siteorigin-panels-stretch panel-row-style-full-width panel-row-style panel-row-style-for-10166-0\" data-stretch-type=\"full-stretched\" ><div id=\"pgc-10166-0-0\"  class=\"panel-grid-cell\" ><div id=\"panel-10166-0-0-0\" class=\"so-panel widget widget_sow-hero panel-first-child panel-last-child\" data-index=\"0\" ><div class=\"so-widget-sow-hero so-widget-sow-hero-default-ab1fac4b0bef-10166 so-widget-fittext-wrapper\" data-fit-text-compressor=\"0.85\"><div class=\"sow-slider-base\" style=\"display: none\"><ul class=\"sow-slider-images\" data-settings=\"{&quot;pagination&quot;:true,&quot;speed&quot;:800,&quot;timeout&quot;:8000,&quot;paused&quot;:true,&quot;pause_on_hover&quot;:false,&quot;swipe&quot;:true,&quot;nav_always_show_desktop&quot;:&quot;&quot;,&quot;nav_always_show_mobile&quot;:&quot;&quot;,&quot;breakpoint&quot;:&quot;780px&quot;,&quot;unmute&quot;:false}\">\t\t<li class=\"sow-slider-image  sow-slider-image-cover\" style=\"background-color: #413c35\" >\n\t\t\t\t\t<div class=\"sow-slider-image-container\">\n\t\t\t<div class=\"sow-slider-image-wrapper\">\n\t\t\t\t<h1 style=\"text-align: center\"><span style=\"color: #f27500\">\u00c9quipements de D\u00e9fense professionnels<\/span><\/h1>\n<h3><\/h3>\n<p>&nbsp;<\/p>\n<h3 style=\"text-align: center\"><strong>\u00catre capable d\u2019assurer <span style=\"color: #f27500\">sa propre d\u00e9fense<\/span> ou <span style=\"color: #f27500\">celle d\u2019autrui<\/span> est primordial.\u200b <\/strong><strong>Attention toutefois \u00e0 respecter la l\u00e9gislation en vigueur.\u200b<\/strong><\/h3>\n<h3 style=\"text-align: center\"><span class=\"TextRun SCXP52393050 BCX2\" lang=\"FR-FR\" xml:lang=\"FR-FR\" data-usefontface=\"false\" data-contrast=\"none\"><span class=\"NormalTextRun SCXP52393050 BCX2\">\u00a0<\/span><\/span><\/h3>\n<p>&nbsp;<\/p>\n\t\t\t<\/div>\n\t\t<\/div>\n\t\t<div class=\"sow-slider-image-overlay sow-slider-image-cover\" style=\"background-image: url(https:\/\/espace-securite.com\/wp-content\/uploads\/2021\/06\/IMG_1077-scaled.jpg);opacity: 0.45\"  ><\/div>\t\t<\/li>\n\t\t<\/ul>\t\t\t\t<ol class=\"sow-slider-pagination\">\n\t\t\t\t\t\t\t\t\t\t\t<li><a href=\"#\" data-goto=\"0\" aria-label=\"afficher la diapositive 1\"><\/a><\/li>\n\t\t\t\t\t\t\t\t\t<\/ol>\n\n\t\t\t\t<div class=\"sow-slide-nav sow-slide-nav-next\">\n\t\t\t\t\t<a href=\"#\" data-goto=\"next\" aria-label=\"diapositive suivante\" data-action=\"next\">\n\t\t\t\t\t\t<em class=\"sow-sld-icon-thin-right\"><\/em>\n\t\t\t\t\t<\/a>\n\t\t\t\t<\/div>\n\n\t\t\t\t<div class=\"sow-slide-nav sow-slide-nav-prev\">\n\t\t\t\t\t<a href=\"#\" data-goto=\"previous\" aria-label=\"diapositive pr\u00e9c\u00e9dente\" data-action=\"prev\">\n\t\t\t\t\t\t<em class=\"sow-sld-icon-thin-left\"><\/em>\n\t\t\t\t\t<\/a>\n\t\t\t\t<\/div>\n\t\t\t\t<\/div><\/div><\/div><\/div><\/div><\/div><div id=\"pg-10166-1\"  class=\"panel-grid panel-has-style\" ><div class=\"siteorigin-panels-stretch panel-row-style-full-width panel-row-style panel-row-style-for-10166-1\" data-stretch-type=\"full-stretched\" ><div id=\"pgc-10166-1-0\"  class=\"panel-grid-cell\" ><div id=\"panel-10166-1-0-0\" class=\"so-panel widget widget_headline-widget panel-first-child panel-last-child\" data-index=\"1\" ><div class=\"panel-widget-style panel-widget-style-for-10166-1-0-0\" >\t\t<h1>Nos produits<\/h1>\n\t\t<div class=\"decoration\"><div class=\"decoration-inside\"><\/div><\/div>\n\t\t<h3><\/h3>\n\t\t<\/div><\/div><\/div><\/div><\/div><div id=\"pg-10166-2\"  class=\"panel-grid panel-no-style\" ><div id=\"pgc-10166-2-0\"  class=\"panel-grid-cell\" ><div id=\"panel-10166-2-0-0\" class=\"so-panel widget widget_sow-image panel-first-child panel-last-child\" data-index=\"2\" ><div class=\"so-widget-sow-image so-widget-sow-image-default-bc4f5fbc2633-10166\">\n<h3 class=\"widget-title\">A\u00e9rosols<\/h3>\n<div class=\"sow-image-container\">\n\t\t<img src=\"https:\/\/espace-securite.com\/wp-content\/uploads\/2021\/06\/aerosols.png\" width=\"714\" height=\"765\" srcset=\"https:\/\/espace-securite.com\/wp-content\/uploads\/2021\/06\/aerosols.png 714w, https:\/\/espace-securite.com\/wp-content\/uploads\/2021\/06\/aerosols-280x300.png 280w\" sizes=\"(max-width: 714px) 100vw, 714px\" title=\"A\u00e9rosols\" alt=\"A\u00e9rosols\" loading=\"lazy\" \t\tclass=\"so-widget-image\"\/>\n\t<\/div>\n\n<\/div><\/div><\/div><div id=\"pgc-10166-2-1\"  class=\"panel-grid-cell\" ><div id=\"panel-10166-2-1-0\" class=\"so-panel widget widget_sow-image panel-first-child panel-last-child\" data-index=\"3\" ><div class=\"panel-widget-style panel-widget-style-for-10166-2-1-0\" ><div class=\"so-widget-sow-image so-widget-sow-image-default-bc4f5fbc2633-10166\">\n<h3 class=\"widget-title\">Blue \u00e9quipements<\/h3>\n<div class=\"sow-image-container\">\n\t\t<img src=\"https:\/\/espace-securite.com\/wp-content\/uploads\/2021\/06\/blue.png\" width=\"1000\" height=\"1080\" srcset=\"https:\/\/espace-securite.com\/wp-content\/uploads\/2021\/06\/blue.png 1000w, https:\/\/espace-securite.com\/wp-content\/uploads\/2021\/06\/blue-278x300.png 278w, https:\/\/espace-securite.com\/wp-content\/uploads\/2021\/06\/blue-948x1024.png 948w, https:\/\/espace-securite.com\/wp-content\/uploads\/2021\/06\/blue-768x829.png 768w\" sizes=\"(max-width: 1000px) 100vw, 1000px\" title=\"Blue \u00e9quipements\" alt=\"Blue \u00e9quipements\" loading=\"lazy\" \t\tclass=\"so-widget-image\"\/>\n\t<\/div>\n\n<\/div><\/div><\/div><\/div><div id=\"pgc-10166-2-2\"  class=\"panel-grid-cell\" ><div id=\"panel-10166-2-2-0\" class=\"so-panel widget widget_sow-image panel-first-child panel-last-child\" data-index=\"4\" ><div class=\"so-widget-sow-image so-widget-sow-image-default-bc4f5fbc2633-10166\">\n<h3 class=\"widget-title\">Lanceurs<\/h3>\n<div class=\"sow-image-container\">\n\t\t<img src=\"https:\/\/espace-securite.com\/wp-content\/uploads\/2021\/06\/lanceurs.png\" width=\"873\" height=\"660\" srcset=\"https:\/\/espace-securite.com\/wp-content\/uploads\/2021\/06\/lanceurs.png 873w, https:\/\/espace-securite.com\/wp-content\/uploads\/2021\/06\/lanceurs-300x227.png 300w, https:\/\/espace-securite.com\/wp-content\/uploads\/2021\/06\/lanceurs-768x581.png 768w\" sizes=\"(max-width: 873px) 100vw, 873px\" title=\"Lanceurs\" alt=\"Lanceurs\" loading=\"lazy\" \t\tclass=\"so-widget-image\"\/>\n\t<\/div>\n\n<\/div><\/div><\/div><\/div><div id=\"pg-10166-3\"  class=\"panel-grid panel-no-style\" ><div id=\"pgc-10166-3-0\"  class=\"panel-grid-cell\" ><div id=\"panel-10166-3-0-0\" class=\"so-panel widget widget_sow-image panel-first-child panel-last-child\" data-index=\"5\" ><div class=\"so-widget-sow-image so-widget-sow-image-default-bc4f5fbc2633-10166\">\n<h3 class=\"widget-title\">D\u00e9fenses \u00e9lectriques<\/h3>\n<div class=\"sow-image-container\">\n\t\t<img src=\"https:\/\/espace-securite.com\/wp-content\/uploads\/2021\/06\/shock.jpg\" width=\"2000\" height=\"1294\" srcset=\"https:\/\/espace-securite.com\/wp-content\/uploads\/2021\/06\/shock.jpg 2000w, https:\/\/espace-securite.com\/wp-content\/uploads\/2021\/06\/shock-300x194.jpg 300w, https:\/\/espace-securite.com\/wp-content\/uploads\/2021\/06\/shock-1024x663.jpg 1024w, https:\/\/espace-securite.com\/wp-content\/uploads\/2021\/06\/shock-768x497.jpg 768w, https:\/\/espace-securite.com\/wp-content\/uploads\/2021\/06\/shock-1536x994.jpg 1536w\" sizes=\"(max-width: 2000px) 100vw, 2000px\" title=\"D\u00e9fenses \u00e9lectriques\" alt=\"D\u00e9fenses \u00e9lectriques\" loading=\"lazy\" \t\tclass=\"so-widget-image\"\/>\n\t<\/div>\n\n<\/div><\/div><\/div><div id=\"pgc-10166-3-1\"  class=\"panel-grid-cell\" ><div id=\"panel-10166-3-1-0\" class=\"so-panel widget widget_sow-image panel-first-child panel-last-child\" data-index=\"6\" ><div class=\"so-widget-sow-image so-widget-sow-image-default-bc4f5fbc2633-10166\">\n<h3 class=\"widget-title\">Equipements d\u00e9fenses<\/h3>\n<div class=\"sow-image-container\">\n\t\t<img src=\"https:\/\/espace-securite.com\/wp-content\/uploads\/2021\/06\/equipements-defenses.png\" width=\"1000\" height=\"881\" srcset=\"https:\/\/espace-securite.com\/wp-content\/uploads\/2021\/06\/equipements-defenses.png 1000w, https:\/\/espace-securite.com\/wp-content\/uploads\/2021\/06\/equipements-defenses-300x264.png 300w, https:\/\/espace-securite.com\/wp-content\/uploads\/2021\/06\/equipements-defenses-768x677.png 768w\" sizes=\"(max-width: 1000px) 100vw, 1000px\" title=\"Equipements d\u00e9fenses\" alt=\"Equipements d\u00e9fenses\" loading=\"lazy\" \t\tclass=\"so-widget-image\"\/>\n\t<\/div>\n\n<\/div><\/div><\/div><div id=\"pgc-10166-3-2\"  class=\"panel-grid-cell\" ><div id=\"panel-10166-3-2-0\" class=\"so-panel widget widget_sow-image panel-first-child panel-last-child\" data-index=\"7\" ><div class=\"so-widget-sow-image so-widget-sow-image-default-bc4f5fbc2633-10166\">\n<h3 class=\"widget-title\">B\u00e2tons et matraques<\/h3>\n<div class=\"sow-image-container\">\n\t\t<img src=\"https:\/\/espace-securite.com\/wp-content\/uploads\/2021\/06\/batons.png\" width=\"891\" height=\"683\" srcset=\"https:\/\/espace-securite.com\/wp-content\/uploads\/2021\/06\/batons.png 891w, https:\/\/espace-securite.com\/wp-content\/uploads\/2021\/06\/batons-300x230.png 300w, https:\/\/espace-securite.com\/wp-content\/uploads\/2021\/06\/batons-768x589.png 768w\" sizes=\"(max-width: 891px) 100vw, 891px\" title=\"B\u00e2tons et matraques\" alt=\"B\u00e2tons et matraques\" loading=\"lazy\" \t\tclass=\"so-widget-image\"\/>\n\t<\/div>\n\n<\/div><\/div><\/div><\/div><div id=\"pg-10166-4\"  class=\"panel-grid panel-has-style\" ><div style=\"background-color: #ffffff; \" class=\"panel-row-style panel-row-style-for-10166-4\" ><div id=\"pgc-10166-4-0\"  class=\"panel-grid-cell\" ><div id=\"panel-10166-4-0-0\" class=\"so-panel widget widget_sow-hero panel-first-child panel-last-child\" data-index=\"8\" ><div class=\"so-widget-sow-hero so-widget-sow-hero-default-7e2a78e53b5a-10166 so-widget-fittext-wrapper\" data-fit-text-compressor=\"0.85\"><div class=\"sow-slider-base\" style=\"display: none\"><ul class=\"sow-slider-images\" data-settings=\"{&quot;pagination&quot;:true,&quot;speed&quot;:800,&quot;timeout&quot;:8000,&quot;paused&quot;:false,&quot;pause_on_hover&quot;:false,&quot;swipe&quot;:true,&quot;nav_always_show_desktop&quot;:&quot;&quot;,&quot;nav_always_show_mobile&quot;:&quot;&quot;,&quot;breakpoint&quot;:&quot;780px&quot;,&quot;unmute&quot;:false}\">\t\t<li class=\"sow-slider-image\" style=\"background-color: #ffffff\" >\n\t\t\t\t\t<div class=\"sow-slider-image-container\">\n\t\t\t<div class=\"sow-slider-image-wrapper\">\n\t\t\t\t<h3 style=\"text-align: left\"><span style=\"color: #f27500\"><span class=\"TextRun SCXP94687863 BCX2\" lang=\"FR-FR\" xml:lang=\"FR-FR\" data-usefontface=\"false\" data-contrast=\"none\"><span class=\"NormalTextRun SCXP94687863 BCX2\">\u00a0<\/span><\/span><\/span><\/h3>\n<h3 style=\"text-align: center\" data-ccp-props=\"{&quot;335551550&quot;:6,&quot;335551620&quot;:6,&quot;335559683&quot;:0,&quot;335559685&quot;:0,&quot;335559731&quot;:0,&quot;335559737&quot;:0,&quot;335562764&quot;:2,&quot;335562765&quot;:1,&quot;335562766&quot;:4,&quot;335562767&quot;:0,&quot;335562768&quot;:4,&quot;335562769&quot;:0}\"><span style=\"color: #000000\">Nous avons \u00e9t\u00e9 sportifs et comp\u00e9titeurs de haut niveau et nous connaissons bien vos besoins :\u200b<\/span> <span style=\"color: #f27500\" data-usefontface=\"false\" data-contrast=\"none\">Qualit\u00e9, confort et efficacit\u00e9.<\/span><\/h3>\n<h3 style=\"text-align: center\"><span style=\"color: #333333\">\u00a0<\/span><\/h3>\n<p style=\"text-align: center\"><span style=\"color: #000000\"><span class=\"TextRun BCX2 SCXP23430778\" lang=\"FR-FR\" xml:lang=\"FR-FR\" data-usefontface=\"false\" data-contrast=\"none\"><span class=\"NormalTextRun BCX2 SCXP23430778\">Et comme l\u2019entra\u00eenement, lui aussi, se doit <\/span><\/span><span class=\"TextRun BCX2 SCXP23430778\" lang=\"FR-FR\" xml:lang=\"FR-FR\" data-usefontface=\"false\" data-contrast=\"none\"><span class=\"NormalTextRun BCX2 SCXP23430778\">d\u2019\u00eatre professionnel, nous avons s\u00e9lectionn\u00e9 les <\/span><\/span><span class=\"TextRun BCX2 SCXP23430778\" lang=\"FR-FR\" xml:lang=\"FR-FR\" data-usefontface=\"false\" data-contrast=\"none\"><span class=\"NormalTextRun BCX2 SCXP23430778\">articles les mieux adapt\u00e9s.<\/span><\/span> <span class=\"TextRun SCXP141219172 BCX2\" lang=\"FR-FR\" xml:lang=\"FR-FR\" data-usefontface=\"false\" data-contrast=\"none\"><span class=\"NormalTextRun SCXP141219172 BCX2\">Faites nous confiance, nous connaissons bien le <\/span><\/span><span class=\"TextRun SCXP141219172 BCX2\" lang=\"FR-FR\" xml:lang=\"FR-FR\" data-usefontface=\"false\" data-contrast=\"none\"><span class=\"NormalTextRun SCXP141219172 BCX2\">sujet.<\/span><\/span><br \/>\n<\/span><\/p>\n\t\t\t<\/div>\n\t\t<\/div>\n\t\t\t\t<\/li>\n\t\t<\/ul>\t\t\t\t<ol class=\"sow-slider-pagination\">\n\t\t\t\t\t\t\t\t\t\t\t<li><a href=\"#\" data-goto=\"0\" aria-label=\"afficher la diapositive 1\"><\/a><\/li>\n\t\t\t\t\t\t\t\t\t<\/ol>\n\n\t\t\t\t<div class=\"sow-slide-nav sow-slide-nav-next\">\n\t\t\t\t\t<a href=\"#\" data-goto=\"next\" aria-label=\"diapositive suivante\" data-action=\"next\">\n\t\t\t\t\t\t<em class=\"sow-sld-icon-thin-right\"><\/em>\n\t\t\t\t\t<\/a>\n\t\t\t\t<\/div>\n\n\t\t\t\t<div class=\"sow-slide-nav sow-slide-nav-prev\">\n\t\t\t\t\t<a href=\"#\" data-goto=\"previous\" aria-label=\"diapositive pr\u00e9c\u00e9dente\" data-action=\"prev\">\n\t\t\t\t\t\t<em class=\"sow-sld-icon-thin-left\"><\/em>\n\t\t\t\t\t<\/a>\n\t\t\t\t<\/div>\n\t\t\t\t<\/div><\/div><\/div><\/div><\/div><\/div><div id=\"pg-10166-5\"  class=\"panel-grid panel-has-style\" ><div class=\"siteorigin-panels-stretch panel-row-style-full-width panel-row-style panel-row-style-for-10166-5\" style=\"background-color: #002060; \" data-stretch-type=\"full-stretched\" ><div id=\"pgc-10166-5-0\"  class=\"panel-grid-cell\" ><div id=\"panel-10166-5-0-0\" class=\"so-panel widget widget_sow-headline panel-first-child panel-last-child\" data-index=\"9\" ><div class=\"panel-widget-style panel-widget-style-for-10166-5-0-0\" ><div class=\"so-widget-sow-headline so-widget-sow-headline-default-86fe0dfac5f0-10166 so-widget-fittext-wrapper\" data-fit-text-compressor=\"0\"><div class=\"sow-headline-container \">\n\t<h1 class='sow-headline'>Nous contacter<\/h1><h4 class='sow-sub-headline'>Gaz, Gel, Jet liquide \u2026 CS, poivre ? \u200b  quel produit, pour quelle situation ? \u200b  Nous saurons vous conseiller.<\/h4><\/div><\/div><\/div><\/div><\/div><\/div><\/div><div id=\"pg-10166-6\"  class=\"panel-grid panel-has-style\" ><div class=\"panel-row-style panel-row-style-for-10166-6\" ><div id=\"pgc-10166-6-0\"  class=\"panel-grid-cell\" ><div id=\"panel-10166-6-0-0\" class=\"so-panel widget widget_sow-contact-form panel-first-child panel-last-child\" data-index=\"10\" ><div class=\"panel-widget-style panel-widget-style-for-10166-6-0-0\" ><div class=\"so-widget-sow-contact-form so-widget-sow-contact-form-default-72becce0bc58-10166\">\t<form action=\"#contact-form-b69e\"\n          method=\"POST\" class=\"sow-contact-form\" id=\"contact-form-b69e\">\n\n\t\t\n\t\t            <div class=\"sow-form-field sow-form-field-name\"><label class=\"sow-form-field-label-above\" for=\"sow-contact-form-field-votre-nom-562e687f3231b\">\n\t\t\t\t<strong>\n\t\t\t\t\tVotre nom\t\t\t\t\t\t\t\t\t<\/strong>\n\t\t\t<\/label>\n\t\t\t<span class=\"sow-field-container\">\t\t<input type=\"text\" name=\"votre-nom-562e687f3231b\" id=\"sow-contact-form-field-votre-nom-562e687f3231b\" value=\"\" class=\"sow-text-field\"\/>\n\t\t<\/span><\/div>            <div class=\"sow-form-field sow-form-field-email\"><label class=\"sow-form-field-label-above\" for=\"sow-contact-form-field-votre-email-562e687f3231b\">\n\t\t\t\t<strong>\n\t\t\t\t\tVotre Email\t\t\t\t\t\t\t\t\t<\/strong>\n\t\t\t<\/label>\n\t\t\t<span class=\"sow-field-container\">\t\t<input type=\"email\" name=\"votre-email-562e687f3231b\" id=\"sow-contact-form-field-votre-email-562e687f3231b\" value=\"\" class=\"sow-text-field\"\/>\n\t\t<\/span><\/div>            <div class=\"sow-form-field sow-form-field-subject\"><label class=\"sow-form-field-label-above\" for=\"sow-contact-form-field-sujet-562e687f3231b\">\n\t\t\t\t<strong>\n\t\t\t\t\tSujet\t\t\t\t\t\t\t\t\t<\/strong>\n\t\t\t<\/label>\n\t\t\t<span class=\"sow-field-container\">\t\t<input type=\"text\" name=\"sujet-562e687f3231b\" id=\"sow-contact-form-field-sujet-562e687f3231b\" value=\"\" class=\"sow-text-field\"\/>\n\t\t<\/span><\/div>            <div class=\"sow-form-field sow-form-field-textarea\"><label class=\"sow-form-field-label-above\" for=\"sow-contact-form-field-message-562e687f3231b\">\n\t\t\t\t<strong>\n\t\t\t\t\tMessage\t\t\t\t\t\t\t\t\t<\/strong>\n\t\t\t<\/label>\n\t\t\t<span class=\"sow-field-container\">\t\t<textarea name=\"message-562e687f3231b\" id=\"sow-contact-form-field-message-562e687f3231b\" rows=\"10\"><\/textarea>\n\t\t<\/span><\/div>\t\t<input type=\"hidden\" name=\"instance_hash\" value=\"b69e9247dfc81fe2c396f7a464e4485d\" \/>\n\t\t<input type=\"hidden\" id=\"_wpnonce\" name=\"_wpnonce\" value=\"754e6f9c4d\" \/><input type=\"hidden\" name=\"_wp_http_referer\" value=\"\/index.php\/wp-json\/wp\/v2\/pages\/10166\" \/>\n\t\t\n\t\t<div class=\"sow-submit-wrapper sow-submit-styled\">\n\t\t\t<input type=\"submit\" value=\"Envoyer\" class=\"sow-submit\"\n\t\t\t\t   \t\t\t>\n\t\t<\/div>\n\t<\/form>\n\t<\/div><\/div><\/div><\/div><\/div><\/div><div id=\"pg-10166-7\"  class=\"panel-grid panel-has-style\" ><div class=\"siteorigin-panels-stretch panel-row-style-full-width panel-row-style panel-row-style-for-10166-7\" data-stretch-type=\"full-stretched\" ><div id=\"pgc-10166-7-0\"  class=\"panel-grid-cell\" ><div id=\"panel-10166-7-0-0\" class=\"so-panel widget widget_headline-widget panel-first-child\" data-index=\"11\" ><div class=\"panel-widget-style panel-widget-style-for-10166-7-0-0\" >\t\t<h1>Nos marques<\/h1>\n\t\t<div class=\"decoration\"><div class=\"decoration-inside\"><\/div><\/div>\n\t\t<h3><\/h3>\n\t\t<\/div><\/div><div id=\"panel-10166-7-0-1\" class=\"widget_text so-panel widget widget_custom_html panel-last-child\" data-index=\"12\" ><div class=\"textwidget custom-html-widget\">\n\t<div class=\"gs_logo_area gs_logo_area_1 slider1\" style=\"opacity: 0; visibility: hidden;\">\n\t\t<div class=\"gs_logo_area--inner\">\n\n\t\t\t\n<div class=\"gs_logo_container gs_carousel_swiper gs_logo_fix_height_and_center\" data-carousel-config='{\"direction\":\"horizontal\",\"speed\":250,\"isAutoplay\":true,\"autoplayDelay\":2000,\"loop\":true,\"pauseOnHover\":true,\"ticker\":false,\"navs\":true,\"navs_pos\":\"bottom\",\"dots\":false,\"dynamic_dots\":true,\"slideSpace\":10,\"slidesPerGroup\":1,\"desktopLogos\":4,\"tabletLogos\":3,\"mobileLogos\":2,\"reverseDirection\":false}'>\n\n\t\n\t\t\n\t\t\t<div class=\"gs_logo_single--wrapper\">\n\t\t\t\t<div class=\"gs_logo_single\">\n\n\t\t\t\t\t<!-- Logo Title -->\n\t\t\t\t\t<a href=\"https:\/\/metalboxe.com\/fr\/\" target=\"_blank\" rel=\"noopener\"><img width=\"225\" height=\"225\" src=\"https:\/\/espace-securite.com\/wp-content\/uploads\/2021\/02\/metalbox.png\" class=\"gs-logo--img wp-post-image\" alt=\"Metalboxe\" loading=\"lazy\" title=\"Metal boxe\" srcset=\"https:\/\/espace-securite.com\/wp-content\/uploads\/2021\/02\/metalbox.png 225w, https:\/\/espace-securite.com\/wp-content\/uploads\/2021\/02\/metalbox-150x150.png 150w\" sizes=\"(max-width: 225px) 100vw, 225px\" \/><\/a>\n\t\t\t\t\t<!-- Logo Title -->\n\t\t\t\t\t\t\t\t\t\t\n\t\t\t\t<\/div>\n\t\t\t<\/div>\n\n\t\t\n\t\t\t<div class=\"gs_logo_single--wrapper\">\n\t\t\t\t<div class=\"gs_logo_single\">\n\n\t\t\t\t\t<!-- Logo Title -->\n\t\t\t\t\t<a href=\"https:\/\/magnumbootsfrance.fr\/\" target=\"_blank\" rel=\"noopener\"><img width=\"300\" height=\"130\" src=\"https:\/\/espace-securite.com\/wp-content\/uploads\/2021\/02\/image-300x130.png\" class=\"gs-logo--img wp-post-image\" alt=\"Magnum\" loading=\"lazy\" title=\"Magnum\" srcset=\"https:\/\/espace-securite.com\/wp-content\/uploads\/2021\/02\/image-300x130.png 300w, https:\/\/espace-securite.com\/wp-content\/uploads\/2021\/02\/image.png 500w\" sizes=\"(max-width: 300px) 100vw, 300px\" \/><\/a>\n\t\t\t\t\t<!-- Logo Title -->\n\t\t\t\t\t\t\t\t\t\t\n\t\t\t\t<\/div>\n\t\t\t<\/div>\n\n\t\t\n\t\t\t<div class=\"gs_logo_single--wrapper\">\n\t\t\t\t<div class=\"gs_logo_single\">\n\n\t\t\t\t\t<!-- Logo Title -->\n\t\t\t\t\t<a href=\"https:\/\/gkpro.fr\/\" target=\"_blank\" rel=\"noopener\"><img width=\"160\" height=\"160\" src=\"https:\/\/espace-securite.com\/wp-content\/uploads\/2021\/02\/logo-GKPRO-180.jpg\" class=\"gs-logo--img wp-post-image\" alt=\"GK PRO\" loading=\"lazy\" title=\"gkpro\" srcset=\"https:\/\/espace-securite.com\/wp-content\/uploads\/2021\/02\/logo-GKPRO-180.jpg 160w, https:\/\/espace-securite.com\/wp-content\/uploads\/2021\/02\/logo-GKPRO-180-150x150.jpg 150w\" sizes=\"(max-width: 160px) 100vw, 160px\" \/><\/a>\n\t\t\t\t\t<!-- Logo Title -->\n\t\t\t\t\t\t\t\t\t\t\n\t\t\t\t<\/div>\n\t\t\t<\/div>\n\n\t\t\n\t\t\t<div class=\"gs_logo_single--wrapper\">\n\t\t\t\t<div class=\"gs_logo_single\">\n\n\t\t\t\t\t<!-- Logo Title -->\n\t\t\t\t\t<a href=\"http:\/\/www.cityguard-europe.com\/\" target=\"_blank\" rel=\"noopener\"><img width=\"300\" height=\"150\" src=\"https:\/\/espace-securite.com\/wp-content\/uploads\/2021\/02\/cityguard-300x150.png\" class=\"gs-logo--img wp-post-image\" alt=\"City Guard\" loading=\"lazy\" title=\"Cityguard\" srcset=\"https:\/\/espace-securite.com\/wp-content\/uploads\/2021\/02\/cityguard-300x150.png 300w, https:\/\/espace-securite.com\/wp-content\/uploads\/2021\/02\/cityguard.png 360w\" sizes=\"(max-width: 300px) 100vw, 300px\" \/><\/a>\n\t\t\t\t\t<!-- Logo Title -->\n\t\t\t\t\t\t\t\t\t\t\n\t\t\t\t<\/div>\n\t\t\t<\/div>\n\n\t\t\t\t\n\t\n<\/div>\n\t\t<\/div>\n\t<\/div>\n\n\t<\/div><\/div><\/div><\/div><\/div><\/div>","protected":false},"excerpt":{"rendered":"<p>\u00c9quipements de D\u00e9fense professionnels &nbsp; \u00catre capable d\u2019assurer sa propre d\u00e9fense ou celle d\u2019autrui est primordial.\u200b Attention toutefois \u00e0 respecter la l\u00e9gislation en vigueur.\u200b \u00a0 &nbsp; Nos produits A\u00e9rosols Blue \u00e9quipements Lanceurs D\u00e9fenses \u00e9lectriques Equipements d\u00e9fenses B\u00e2tons et matraques \u00a0 Nous avons \u00e9t\u00e9 sportifs et comp\u00e9titeurs de haut niveau et nous connaissons bien vos besoins [&hellip;]<\/p>\n","protected":false},"author":1,"featured_media":0,"parent":0,"menu_order":0,"comment_status":"closed","ping_status":"closed","template":"","meta":[],"_links":{"self":[{"href":"https:\/\/espace-securite.com\/index.php\/wp-json\/wp\/v2\/pages\/10166"}],"collection":[{"href":"https:\/\/espace-securite.com\/index.php\/wp-json\/wp\/v2\/pages"}],"about":[{"href":"https:\/\/espace-securite.com\/index.php\/wp-json\/wp\/v2\/types\/page"}],"author":[{"embeddable":true,"href":"https:\/\/espace-securite.com\/index.php\/wp-json\/wp\/v2\/users\/1"}],"replies":[{"embeddable":true,"href":"https:\/\/espace-securite.com\/index.php\/wp-json\/wp\/v2\/comments?post=10166"}],"version-history":[{"count":32,"href":"https:\/\/espace-securite.com\/index.php\/wp-json\/wp\/v2\/pages\/10166\/revisions"}],"predecessor-version":[{"id":10399,"href":"https:\/\/espace-securite.com\/index.php\/wp-json\/wp\/v2\/pages\/10166\/revisions\/10399"}],"wp:attachment":[{"href":"https:\/\/espace-securite.com\/index.php\/wp-json\/wp\/v2\/media?parent=10166"}],"curies":[{"name":"wp","href":"https:\/\/api.w.org\/{rel}","templated":true}]}}